{"id":8746,"date":"2022-02-10T12:29:19","date_gmt":"2022-02-10T11:29:19","guid":{"rendered":"https:\/\/www.lemimentois.fr\/?page_id=8746"},"modified":"2022-02-10T12:31:04","modified_gmt":"2022-02-10T11:31:04","slug":"contact","status":"publish","type":"page","link":"https:\/\/www.lemimentois.fr\/en\/contact\/","title":{"rendered":"Contact"},"content":{"rendered":"\n\n\t<p>Reopening on April 10th<\/p>\n\t<h2>Merci de noter que, du 4 juillet 2022 au 28 ao\u00fbt 2022, la dur\u00e9e du s\u00e9jour est de 2 jours minimum.<\/h2>\n<h2>\n\t\tContact us\n\t<\/h2>\n\t<p>Besoin de plus d&#8217;informations, envie de r\u00e9server. Nous vous invitons \u00e0 nous contacter par email, sms, t\u00e9l\u00e9phone ou directement en utilisant le formulaire de contact.<\/p>\n<p>Notre \u00e9tablissement n&#8217;est malheureusement pas adapt\u00e9 \u00e0 l&#8217;accueil de personnes en situation de handicap.<\/p>\n<p>&nbsp;<\/p>\n<h3>\n\t\tCOORDONNEES\n\t<\/h3>\n\t<p>Chambres et table d&#8217;h\u00f4tes Le Mimentois<\/p>\n<p>Le serre 48400 CASSAGNAS<\/p>\n<p>&nbsp;<\/p>\n<h2>\n\t\tt\u00e9l\u00e9phone 06 72 85 28 01\n\t<\/h2>\n<h2>\n\t\temail    contact@lemimentois.fr\n\t<\/h2>\n\t<p><strong>POLITIQUE DE RESERVATION\u00a0<\/strong><\/p>\n<p>Pour r\u00e9server un ch\u00e8que d&#8217;acompte vous sera demand\u00e9, celui-ci ne sera pas encaiss\u00e9 et vous sera rendu lors de votre passage.<\/p>\n<p>&nbsp;<\/p>\n<p><strong>ANNULATION COVID<\/strong><\/p>\n<p>Votre ch\u00e8que d&#8217;acompte sera d\u00e9truit si les conditions sanitaires ne permettaient pas votre venue.<\/p>\n\t<p>MOYENS DE PAIEMENT ACCEPTES<\/p>\n\t\t\t\t<img loading=\"lazy\" decoding=\"async\" src=\"https:\/\/www.lemimentois.fr\/wp-content\/uploads\/2020\/12\/especes.jpg\" alt=\"especes\" height=\"241\" width=\"413\" title=\"especes\" \/>\n\t\t\t\t<img loading=\"lazy\" decoding=\"async\" src=\"https:\/\/www.lemimentois.fr\/wp-content\/uploads\/2020\/12\/cheque-1-150x103.jpg\" alt=\"ch\u00e8que\" height=\"103\" width=\"150\" title=\"ch\u00e8que\" \/>\n\t\t\t\t<img loading=\"lazy\" decoding=\"async\" src=\"https:\/\/www.lemimentois.fr\/wp-content\/uploads\/2020\/12\/iban-1.jpg\" alt=\"iban\" height=\"140\" width=\"140\" title=\"iban\" \/>\n\t\t\t\t<img loading=\"lazy\" decoding=\"async\" src=\"https:\/\/www.lemimentois.fr\/wp-content\/uploads\/2020\/12\/carte-bleu-1-150x150.jpg\" alt=\"carte bleu\" height=\"150\" width=\"150\" title=\"carte bleu\" \/>\n<h3>\n\t\tFORMULAIRE DE CONTACT\n\t<\/h3>\n\t<p>Le Mimentois<\/p>\n<p>Cassagnas<\/p>\n\t<p>T\u00e9l 04 66 45 27 45<\/p>\n<p>\u00a0 \u00a0 \u00a0 06 72 85 28 01<\/p>\n<p>contact@lemimentois.fr<\/p>\n\n","protected":false},"excerpt":{"rendered":"<p>Reopening on April 10th Merci de noter que, du 4 juillet 2022 au 28 ao\u00fbt 2022, la dur\u00e9e du s\u00e9jour est de 2 jours minimum. Contact us Besoin de plus d&#8217;informations, envie de r\u00e9server. Nous vous invitons \u00e0 nous contacter par email, sms, t\u00e9l\u00e9phone ou directement en utilisant le formulaire de contact. Notre \u00e9tablissement n&#8217;est&hellip;<\/p>\n","protected":false},"author":54,"featured_media":0,"parent":0,"menu_order":0,"comment_status":"closed","ping_status":"closed","template":"","meta":{"_acf_changed":false,"footnotes":""},"class_list":["post-8746","page","type-page","status-publish","hentry"],"acf":[],"yoast_head":"<!-- This site is optimized with the Yoast SEO plugin v27.3 - https:\/\/yoast.com\/product\/yoast-seo-wordpress\/ -->\n<title>Contact - Lemimentois<\/title>\n<meta name=\"robots\" content=\"index, follow, max-snippet:-1, max-image-preview:large, max-video-preview:-1\" \/>\n<link rel=\"canonical\" href=\"https:\/\/www.lemimentois.fr\/en\/contact\/\" \/>\n<meta property=\"og:locale\" content=\"en_US\" \/>\n<meta property=\"og:type\" content=\"article\" \/>\n<meta property=\"og:title\" content=\"Contact - Lemimentois\" \/>\n<meta property=\"og:description\" content=\"Reopening on April 10th Merci de noter que, du 4 juillet 2022 au 28 ao\u00fbt 2022, la dur\u00e9e du s\u00e9jour est de 2 jours minimum. Contact us Besoin de plus d&#8217;informations, envie de r\u00e9server. Nous vous invitons \u00e0 nous contacter par email, sms, t\u00e9l\u00e9phone ou directement en utilisant le formulaire de contact. Notre \u00e9tablissement n&#8217;est&hellip;\" \/>\n<meta property=\"og:url\" content=\"https:\/\/www.lemimentois.fr\/en\/contact\/\" \/>\n<meta property=\"og:site_name\" content=\"Lemimentois\" \/>\n<meta property=\"article:modified_time\" content=\"2022-02-10T11:31:04+00:00\" \/>\n<meta property=\"og:image\" content=\"https:\/\/www.lemimentois.fr\/wp-content\/uploads\/2020\/12\/especes.jpg\" \/>\n<meta name=\"twitter:card\" content=\"summary_large_image\" \/>\n<meta name=\"twitter:label1\" content=\"Est. reading time\" \/>\n\t<meta name=\"twitter:data1\" content=\"2 minutes\" \/>\n<script type=\"application\/ld+json\" class=\"yoast-schema-graph\">{\"@context\":\"https:\\\/\\\/schema.org\",\"@graph\":[{\"@type\":\"WebPage\",\"@id\":\"https:\\\/\\\/www.lemimentois.fr\\\/en\\\/contact\\\/\",\"url\":\"https:\\\/\\\/www.lemimentois.fr\\\/en\\\/contact\\\/\",\"name\":\"Contact - Lemimentois\",\"isPartOf\":{\"@id\":\"https:\\\/\\\/www.lemimentois.fr\\\/#website\"},\"primaryImageOfPage\":{\"@id\":\"https:\\\/\\\/www.lemimentois.fr\\\/en\\\/contact\\\/#primaryimage\"},\"image\":{\"@id\":\"https:\\\/\\\/www.lemimentois.fr\\\/en\\\/contact\\\/#primaryimage\"},\"thumbnailUrl\":\"https:\\\/\\\/www.lemimentois.fr\\\/wp-content\\\/uploads\\\/2020\\\/12\\\/especes.jpg\",\"datePublished\":\"2022-02-10T11:29:19+00:00\",\"dateModified\":\"2022-02-10T11:31:04+00:00\",\"breadcrumb\":{\"@id\":\"https:\\\/\\\/www.lemimentois.fr\\\/en\\\/contact\\\/#breadcrumb\"},\"inLanguage\":\"en-US\",\"potentialAction\":[{\"@type\":\"ReadAction\",\"target\":[\"https:\\\/\\\/www.lemimentois.fr\\\/en\\\/contact\\\/\"]}]},{\"@type\":\"ImageObject\",\"inLanguage\":\"en-US\",\"@id\":\"https:\\\/\\\/www.lemimentois.fr\\\/en\\\/contact\\\/#primaryimage\",\"url\":\"https:\\\/\\\/www.lemimentois.fr\\\/wp-content\\\/uploads\\\/2020\\\/12\\\/especes.jpg\",\"contentUrl\":\"https:\\\/\\\/www.lemimentois.fr\\\/wp-content\\\/uploads\\\/2020\\\/12\\\/especes.jpg\"},{\"@type\":\"BreadcrumbList\",\"@id\":\"https:\\\/\\\/www.lemimentois.fr\\\/en\\\/contact\\\/#breadcrumb\",\"itemListElement\":[{\"@type\":\"ListItem\",\"position\":1,\"name\":\"Home\",\"item\":\"https:\\\/\\\/www.lemimentois.fr\\\/en\\\/\"},{\"@type\":\"ListItem\",\"position\":2,\"name\":\"Contact\"}]},{\"@type\":\"WebSite\",\"@id\":\"https:\\\/\\\/www.lemimentois.fr\\\/#website\",\"url\":\"https:\\\/\\\/www.lemimentois.fr\\\/\",\"name\":\"Lemimentois\",\"description\":\"Chambres et Tables d&#039;h\u00f4tes dans les C\u00e9vennes\",\"potentialAction\":[{\"@type\":\"SearchAction\",\"target\":{\"@type\":\"EntryPoint\",\"urlTemplate\":\"https:\\\/\\\/www.lemimentois.fr\\\/?s={search_term_string}\"},\"query-input\":{\"@type\":\"PropertyValueSpecification\",\"valueRequired\":true,\"valueName\":\"search_term_string\"}}],\"inLanguage\":\"en-US\"}]}<\/script>\n<!-- \/ Yoast SEO plugin. -->","yoast_head_json":{"title":"Contact - Lemimentois","robots":{"index":"index","follow":"follow","max-snippet":"max-snippet:-1","max-image-preview":"max-image-preview:large","max-video-preview":"max-video-preview:-1"},"canonical":"https:\/\/www.lemimentois.fr\/en\/contact\/","og_locale":"en_US","og_type":"article","og_title":"Contact - Lemimentois","og_description":"Reopening on April 10th Merci de noter que, du 4 juillet 2022 au 28 ao\u00fbt 2022, la dur\u00e9e du s\u00e9jour est de 2 jours minimum. Contact us Besoin de plus d&#8217;informations, envie de r\u00e9server. Nous vous invitons \u00e0 nous contacter par email, sms, t\u00e9l\u00e9phone ou directement en utilisant le formulaire de contact. Notre \u00e9tablissement n&#8217;est&hellip;","og_url":"https:\/\/www.lemimentois.fr\/en\/contact\/","og_site_name":"Lemimentois","article_modified_time":"2022-02-10T11:31:04+00:00","og_image":[{"url":"https:\/\/www.lemimentois.fr\/wp-content\/uploads\/2020\/12\/especes.jpg","type":"","width":"","height":""}],"twitter_card":"summary_large_image","twitter_misc":{"Est. reading time":"2 minutes"},"schema":{"@context":"https:\/\/schema.org","@graph":[{"@type":"WebPage","@id":"https:\/\/www.lemimentois.fr\/en\/contact\/","url":"https:\/\/www.lemimentois.fr\/en\/contact\/","name":"Contact - Lemimentois","isPartOf":{"@id":"https:\/\/www.lemimentois.fr\/#website"},"primaryImageOfPage":{"@id":"https:\/\/www.lemimentois.fr\/en\/contact\/#primaryimage"},"image":{"@id":"https:\/\/www.lemimentois.fr\/en\/contact\/#primaryimage"},"thumbnailUrl":"https:\/\/www.lemimentois.fr\/wp-content\/uploads\/2020\/12\/especes.jpg","datePublished":"2022-02-10T11:29:19+00:00","dateModified":"2022-02-10T11:31:04+00:00","breadcrumb":{"@id":"https:\/\/www.lemimentois.fr\/en\/contact\/#breadcrumb"},"inLanguage":"en-US","potentialAction":[{"@type":"ReadAction","target":["https:\/\/www.lemimentois.fr\/en\/contact\/"]}]},{"@type":"ImageObject","inLanguage":"en-US","@id":"https:\/\/www.lemimentois.fr\/en\/contact\/#primaryimage","url":"https:\/\/www.lemimentois.fr\/wp-content\/uploads\/2020\/12\/especes.jpg","contentUrl":"https:\/\/www.lemimentois.fr\/wp-content\/uploads\/2020\/12\/especes.jpg"},{"@type":"BreadcrumbList","@id":"https:\/\/www.lemimentois.fr\/en\/contact\/#breadcrumb","itemListElement":[{"@type":"ListItem","position":1,"name":"Home","item":"https:\/\/www.lemimentois.fr\/en\/"},{"@type":"ListItem","position":2,"name":"Contact"}]},{"@type":"WebSite","@id":"https:\/\/www.lemimentois.fr\/#website","url":"https:\/\/www.lemimentois.fr\/","name":"Lemimentois","description":"Chambres et Tables d&#039;h\u00f4tes dans les C\u00e9vennes","potentialAction":[{"@type":"SearchAction","target":{"@type":"EntryPoint","urlTemplate":"https:\/\/www.lemimentois.fr\/?s={search_term_string}"},"query-input":{"@type":"PropertyValueSpecification","valueRequired":true,"valueName":"search_term_string"}}],"inLanguage":"en-US"}]}},"_links":{"self":[{"href":"https:\/\/www.lemimentois.fr\/en\/wp-json\/wp\/v2\/pages\/8746","targetHints":{"allow":["GET"]}}],"collection":[{"href":"https:\/\/www.lemimentois.fr\/en\/wp-json\/wp\/v2\/pages"}],"about":[{"href":"https:\/\/www.lemimentois.fr\/en\/wp-json\/wp\/v2\/types\/page"}],"author":[{"embeddable":true,"href":"https:\/\/www.lemimentois.fr\/en\/wp-json\/wp\/v2\/users\/54"}],"replies":[{"embeddable":true,"href":"https:\/\/www.lemimentois.fr\/en\/wp-json\/wp\/v2\/comments?post=8746"}],"version-history":[{"count":2,"href":"https:\/\/www.lemimentois.fr\/en\/wp-json\/wp\/v2\/pages\/8746\/revisions"}],"predecessor-version":[{"id":8748,"href":"https:\/\/www.lemimentois.fr\/en\/wp-json\/wp\/v2\/pages\/8746\/revisions\/8748"}],"wp:attachment":[{"href":"https:\/\/www.lemimentois.fr\/en\/wp-json\/wp\/v2\/media?parent=8746"}],"curies":[{"name":"wp","href":"https:\/\/api.w.org\/{rel}","templated":true}]}}