{"id":8719,"date":"2022-01-17T11:44:18","date_gmt":"2022-01-17T10:44:18","guid":{"rendered":"https:\/\/www.lemimentois.fr\/?page_id=8719"},"modified":"2022-01-21T10:35:41","modified_gmt":"2022-01-21T09:35:41","slug":"booking-2","status":"publish","type":"page","link":"https:\/\/www.lemimentois.fr\/en\/booking-2\/","title":{"rendered":"Booking"},"content":{"rendered":"\n<h3>\n\t\tAvailability and booking\n\t<\/h3>\n<h2>\n\t\tBooking\n\t<\/h2>\n\t<p>Ouvert du 10 avril au 15 novembre 2022.<\/p>\nDu 4 juillet au 28 ao\u00fbt 2022, la dur\u00e9e du s\u00e9jour est<br \/>\nde 2 nuits minimum.\n\t<p>Le Mimentois<\/p>\n<p>Cassagnas<\/p>\n\t<p>T\u00e9l 04 66 45 27 45<\/p>\n<p>\u00a0 \u00a0 \u00a0 06 72 85 28 01<\/p>\n<p>contact@lemimentois.fr<\/p>\n\n","protected":false},"excerpt":{"rendered":"<p>Availability and booking Booking Ouvert du 10 avril au 15 novembre 2022. Du 4 juillet au 28 ao\u00fbt 2022, la dur\u00e9e du s\u00e9jour est de 2 nuits minimum. Le Mimentois Cassagnas T\u00e9l 04 66 45 27 45 \u00a0 \u00a0 \u00a0 06 72 85 28 01 contact@lemimentois.fr<\/p>\n","protected":false},"author":1,"featured_media":0,"parent":0,"menu_order":0,"comment_status":"closed","ping_status":"closed","template":"","meta":{"_acf_changed":false,"footnotes":""},"class_list":["post-8719","page","type-page","status-publish","hentry"],"acf":[],"yoast_head":"<!-- This site is optimized with the Yoast SEO plugin v27.4 - https:\/\/yoast.com\/product\/yoast-seo-wordpress\/ -->\n<title>Booking - Lemimentois<\/title>\n<meta name=\"robots\" content=\"index, follow, max-snippet:-1, max-image-preview:large, max-video-preview:-1\" \/>\n<link rel=\"canonical\" href=\"https:\/\/www.lemimentois.fr\/en\/booking-2\/\" \/>\n<meta property=\"og:locale\" content=\"en_US\" \/>\n<meta property=\"og:type\" content=\"article\" \/>\n<meta property=\"og:title\" content=\"Booking - Lemimentois\" \/>\n<meta property=\"og:description\" content=\"Availability and booking Booking Ouvert du 10 avril au 15 novembre 2022. Du 4 juillet au 28 ao\u00fbt 2022, la dur\u00e9e du s\u00e9jour est de 2 nuits minimum. Le Mimentois Cassagnas T\u00e9l 04 66 45 27 45 \u00a0 \u00a0 \u00a0 06 72 85 28 01 contact@lemimentois.fr\" \/>\n<meta property=\"og:url\" content=\"https:\/\/www.lemimentois.fr\/en\/booking-2\/\" \/>\n<meta property=\"og:site_name\" content=\"Lemimentois\" \/>\n<meta property=\"article:modified_time\" content=\"2022-01-21T09:35:41+00:00\" \/>\n<meta name=\"twitter:card\" content=\"summary_large_image\" \/>\n<meta name=\"twitter:label1\" content=\"Est. reading time\" \/>\n\t<meta name=\"twitter:data1\" content=\"1 minute\" \/>\n<script type=\"application\/ld+json\" class=\"yoast-schema-graph\">{\"@context\":\"https:\\\/\\\/schema.org\",\"@graph\":[{\"@type\":\"WebPage\",\"@id\":\"https:\\\/\\\/www.lemimentois.fr\\\/en\\\/booking-2\\\/\",\"url\":\"https:\\\/\\\/www.lemimentois.fr\\\/en\\\/booking-2\\\/\",\"name\":\"Booking - Lemimentois\",\"isPartOf\":{\"@id\":\"https:\\\/\\\/www.lemimentois.fr\\\/#website\"},\"datePublished\":\"2022-01-17T10:44:18+00:00\",\"dateModified\":\"2022-01-21T09:35:41+00:00\",\"breadcrumb\":{\"@id\":\"https:\\\/\\\/www.lemimentois.fr\\\/en\\\/booking-2\\\/#breadcrumb\"},\"inLanguage\":\"en-US\",\"potentialAction\":[{\"@type\":\"ReadAction\",\"target\":[\"https:\\\/\\\/www.lemimentois.fr\\\/en\\\/booking-2\\\/\"]}]},{\"@type\":\"BreadcrumbList\",\"@id\":\"https:\\\/\\\/www.lemimentois.fr\\\/en\\\/booking-2\\\/#breadcrumb\",\"itemListElement\":[{\"@type\":\"ListItem\",\"position\":1,\"name\":\"Home\",\"item\":\"https:\\\/\\\/www.lemimentois.fr\\\/en\\\/\"},{\"@type\":\"ListItem\",\"position\":2,\"name\":\"Booking\"}]},{\"@type\":\"WebSite\",\"@id\":\"https:\\\/\\\/www.lemimentois.fr\\\/#website\",\"url\":\"https:\\\/\\\/www.lemimentois.fr\\\/\",\"name\":\"Lemimentois\",\"description\":\"Chambres et Tables d&#039;h\u00f4tes dans les C\u00e9vennes\",\"potentialAction\":[{\"@type\":\"SearchAction\",\"target\":{\"@type\":\"EntryPoint\",\"urlTemplate\":\"https:\\\/\\\/www.lemimentois.fr\\\/?s={search_term_string}\"},\"query-input\":{\"@type\":\"PropertyValueSpecification\",\"valueRequired\":true,\"valueName\":\"search_term_string\"}}],\"inLanguage\":\"en-US\"}]}<\/script>\n<!-- \/ Yoast SEO plugin. -->","yoast_head_json":{"title":"Booking - Lemimentois","robots":{"index":"index","follow":"follow","max-snippet":"max-snippet:-1","max-image-preview":"max-image-preview:large","max-video-preview":"max-video-preview:-1"},"canonical":"https:\/\/www.lemimentois.fr\/en\/booking-2\/","og_locale":"en_US","og_type":"article","og_title":"Booking - Lemimentois","og_description":"Availability and booking Booking Ouvert du 10 avril au 15 novembre 2022. Du 4 juillet au 28 ao\u00fbt 2022, la dur\u00e9e du s\u00e9jour est de 2 nuits minimum. Le Mimentois Cassagnas T\u00e9l 04 66 45 27 45 \u00a0 \u00a0 \u00a0 06 72 85 28 01 contact@lemimentois.fr","og_url":"https:\/\/www.lemimentois.fr\/en\/booking-2\/","og_site_name":"Lemimentois","article_modified_time":"2022-01-21T09:35:41+00:00","twitter_card":"summary_large_image","twitter_misc":{"Est. reading time":"1 minute"},"schema":{"@context":"https:\/\/schema.org","@graph":[{"@type":"WebPage","@id":"https:\/\/www.lemimentois.fr\/en\/booking-2\/","url":"https:\/\/www.lemimentois.fr\/en\/booking-2\/","name":"Booking - Lemimentois","isPartOf":{"@id":"https:\/\/www.lemimentois.fr\/#website"},"datePublished":"2022-01-17T10:44:18+00:00","dateModified":"2022-01-21T09:35:41+00:00","breadcrumb":{"@id":"https:\/\/www.lemimentois.fr\/en\/booking-2\/#breadcrumb"},"inLanguage":"en-US","potentialAction":[{"@type":"ReadAction","target":["https:\/\/www.lemimentois.fr\/en\/booking-2\/"]}]},{"@type":"BreadcrumbList","@id":"https:\/\/www.lemimentois.fr\/en\/booking-2\/#breadcrumb","itemListElement":[{"@type":"ListItem","position":1,"name":"Home","item":"https:\/\/www.lemimentois.fr\/en\/"},{"@type":"ListItem","position":2,"name":"Booking"}]},{"@type":"WebSite","@id":"https:\/\/www.lemimentois.fr\/#website","url":"https:\/\/www.lemimentois.fr\/","name":"Lemimentois","description":"Chambres et Tables d&#039;h\u00f4tes dans les C\u00e9vennes","potentialAction":[{"@type":"SearchAction","target":{"@type":"EntryPoint","urlTemplate":"https:\/\/www.lemimentois.fr\/?s={search_term_string}"},"query-input":{"@type":"PropertyValueSpecification","valueRequired":true,"valueName":"search_term_string"}}],"inLanguage":"en-US"}]}},"_links":{"self":[{"href":"https:\/\/www.lemimentois.fr\/en\/wp-json\/wp\/v2\/pages\/8719","targetHints":{"allow":["GET"]}}],"collection":[{"href":"https:\/\/www.lemimentois.fr\/en\/wp-json\/wp\/v2\/pages"}],"about":[{"href":"https:\/\/www.lemimentois.fr\/en\/wp-json\/wp\/v2\/types\/page"}],"author":[{"embeddable":true,"href":"https:\/\/www.lemimentois.fr\/en\/wp-json\/wp\/v2\/users\/1"}],"replies":[{"embeddable":true,"href":"https:\/\/www.lemimentois.fr\/en\/wp-json\/wp\/v2\/comments?post=8719"}],"version-history":[{"count":3,"href":"https:\/\/www.lemimentois.fr\/en\/wp-json\/wp\/v2\/pages\/8719\/revisions"}],"predecessor-version":[{"id":8727,"href":"https:\/\/www.lemimentois.fr\/en\/wp-json\/wp\/v2\/pages\/8719\/revisions\/8727"}],"wp:attachment":[{"href":"https:\/\/www.lemimentois.fr\/en\/wp-json\/wp\/v2\/media?parent=8719"}],"curies":[{"name":"wp","href":"https:\/\/api.w.org\/{rel}","templated":true}]}}